{"id":274,"date":"2023-12-05T23:48:36","date_gmt":"2023-12-05T23:48:36","guid":{"rendered":"http:\/\/s916401478.websitehome.co.uk\/mayfairev\/?page_id=274"},"modified":"2024-10-25T19:37:16","modified_gmt":"2024-10-25T18:37:16","slug":"listings","status":"publish","type":"page","link":"https:\/\/mayfairev.com\/en\/listings\/","title":{"rendered":"Listings"},"content":{"rendered":"<p>[et_pb_section fb_built=&#8221;1&#8243; admin_label=&#8221;Header&#8221; _builder_version=&#8221;4.23.1&#8243; _module_preset=&#8221;default&#8221; background_color=&#8221;gcid-4dccef5c-a04c-4e7c-abbe-b1e880c58010&#8243; collapsed=&#8221;on&#8221; global_colors_info=&#8221;{%22gcid-4dccef5c-a04c-4e7c-abbe-b1e880c58010%22:%91%22background_color%22%93}&#8221;][et_pb_row _builder_version=&#8221;4.23.1&#8243; _module_preset=&#8221;default&#8221; width=&#8221;100%&#8221; max_width=&#8221;1031px&#8221; global_colors_info=&#8221;{}&#8221;][et_pb_column type=&#8221;4_4&#8243; _builder_version=&#8221;4.19.5&#8243; _module_preset=&#8221;default&#8221; global_colors_info=&#8221;{}&#8221;][et_pb_text _builder_version=&#8221;4.23.1&#8243; _module_preset=&#8221;ea20d61d-4bb3-44d6-933f-598ea5b54003&#8243; header_text_color=&#8221;gcid-f743be1f-46bf-4685-bc55-7e8b347eb98d&#8221; text_orientation=&#8221;center&#8221; custom_margin=&#8221;||10px||false|false&#8221; global_colors_info=&#8221;{%22gcid-f743be1f-46bf-4685-bc55-7e8b347eb98d%22:%91%22header_text_color%22%93}&#8221;]<\/p>\n<h1>Listings<\/h1>\n<p>[\/et_pb_text][et_pb_text _builder_version=&#8221;4.23.1&#8243; _module_preset=&#8221;2dbcf576-8116-49b0-b0af-2fd331213fe9&#8243; text_text_color=&#8221;#f4eddf&#8221; text_font_size=&#8221;20px&#8221; text_orientation=&#8221;center&#8221; global_colors_info=&#8221;{}&#8221;]<\/p>\n<p>Experience luxury living in your exclusive home. Elevate your lifestyle with elegance and modern comforts.<\/p>\n<p>[\/et_pb_text][\/et_pb_column][\/et_pb_row][\/et_pb_section][et_pb_section fb_built=&#8221;1&#8243; admin_label=&#8221;About&#8221; _builder_version=&#8221;4.23.1&#8243; _module_preset=&#8221;default&#8221; background_color=&#8221;gcid-9464c34f-f9ff-43eb-9668-c958662e33fc&#8221; locked=&#8221;off&#8221; collapsed=&#8221;on&#8221; global_colors_info=&#8221;{%22gcid-9464c34f-f9ff-43eb-9668-c958662e33fc%22:%91%22background_color%22%93}&#8221;][et_pb_row _builder_version=&#8221;4.23.1&#8243; _module_preset=&#8221;default&#8221; width=&#8221;100%&#8221; max_width=&#8221;1450px&#8221; global_colors_info=&#8221;{}&#8221;][et_pb_column type=&#8221;4_4&#8243; _builder_version=&#8221;4.23.1&#8243; _module_preset=&#8221;default&#8221; global_colors_info=&#8221;{}&#8221;][dsm_card_carousel slide_to_show=&#8221;4&#8243; speed=&#8221;100&#8243; autoplay=&#8221;off&#8221; equal_height=&#8221;on&#8221; dots=&#8221;off&#8221; grab=&#8221;off&#8221; _builder_version=&#8221;4.23.1&#8243; _module_preset=&#8221;default&#8221; custom_margin=&#8221;||-3px||false|false&#8221; hover_enabled=&#8221;0&#8243; global_colors_info=&#8221;{}&#8221; sticky_enabled=&#8221;0&#8243;][dsm_card_carousel_child title=&#8221;Pub ve Otel \u00a310,000,000&#8243; subtitle=&#8221;Chapel Street | London&#8221; image=&#8221;https:\/\/mayfairev.com\/wp-content\/uploads\/2024\/01\/marylebone-StreetSign.jpg&#8221; image_as_background=&#8221;off&#8221; image_popup=&#8221;on&#8221; image_popup_src=&#8221;https:\/\/mayfairev.com\/wp-content\/uploads\/2024\/01\/marylebone-StreetSign.jpg&#8221; button_text=&#8221;B\u0130ZE ULA\u015eIN&#8221; button_url=&#8221;https:\/\/mayfairev.com\/contact\/&#8221; button_url_new_window=&#8221;on&#8221; _builder_version=&#8221;4.23.1&#8243; _module_preset=&#8221;default&#8221; badge_text_color=&#8221;#000000&#8243; badge_font_size=&#8221;13px&#8221; badge_letter_spacing=&#8221;1px&#8221; badge_line_height=&#8221;1.4em&#8221; header_level=&#8221;h4&#8243; header_font=&#8221;|700|||||||&#8221; header_text_color=&#8221;#FFFFFF&#8221; header_font_size=&#8221;20px&#8221; body_text_color=&#8221;#FFFFFF&#8221; subhead_font=&#8221;|700|||||||&#8221; subhead_text_color=&#8221;#FFFFFF&#8221; subhead_font_size=&#8221;14px&#8221; subhead_letter_spacing=&#8221;0px&#8221; background_color=&#8221;#3d4e46&#8243; background_enable_color=&#8221;on&#8221; custom_button=&#8221;on&#8221; button_text_size=&#8221;16px&#8221; button_text_color=&#8221;#3d4e46&#8243; button_bg_color=&#8221;#FFFFFF&#8221; button_border_color=&#8221;#FFFFFF&#8221; button_letter_spacing=&#8221;4px&#8221; button_font=&#8221;|600|||||||&#8221; button_icon_color=&#8221;#000000&#8243; button_alignment=&#8221;center&#8221; button_custom_padding=&#8221;10px||10px||true|false&#8221; hover_enabled=&#8221;0&#8243; global_colors_info=&#8221;{}&#8221; button_bg_color__hover_enabled=&#8221;on|hover&#8221; button_text_color__hover_enabled=&#8221;on|hover&#8221; button_text_color__hover=&#8221;#3d4e46&#8243; button_border_color__hover_enabled=&#8221;on|hover&#8221; button_border_color__hover=&#8221;#FFFFFF&#8221; button_icon_color__hover_enabled=&#8221;on|desktop&#8221; button_icon_color__hover=&#8221;#000000&#8243; button_bg_color__hover=&#8221;#FFFFFF&#8221; parent_button=&#8221;off&#8221; parent_header_level=&#8221;h4&#8243; sticky_enabled=&#8221;0&#8243;]<\/p>\n<p>Hotel and Retail Development Opportunity in Marylebone. Located 100 metres from Edgware Road tube station, The Chapel Pub presents an exciting opportunity to be transformed into a modern 6-storey hotel.<\/p>\n<p>[\/dsm_card_carousel_child][dsm_card_carousel_child title=&#8221;L\u00fcks Apartman \u00a37,000,000&#8243; subtitle=&#8221;Mayfa\u0131r | London&#8221; image=&#8221;https:\/\/mayfairev.com\/wp-content\/uploads\/2024\/01\/Mayfair-StreetSign.jpg&#8221; image_as_background=&#8221;off&#8221; image_popup=&#8221;on&#8221; image_popup_src=&#8221;https:\/\/mayfairev.com\/wp-content\/uploads\/2024\/01\/Mayfair-StreetSign.jpg&#8221; button_text=&#8221;B\u0130ZE ULA\u015eIN&#8221; button_url=&#8221;https:\/\/mayfairev.com\/contact\/&#8221; button_url_new_window=&#8221;on&#8221; _builder_version=&#8221;4.23.1&#8243; _module_preset=&#8221;default&#8221; badge_text_color=&#8221;#000000&#8243; badge_font_size=&#8221;13px&#8221; badge_letter_spacing=&#8221;1px&#8221; badge_line_height=&#8221;1.4em&#8221; header_level=&#8221;h4&#8243; header_font=&#8221;|700|||||||&#8221; header_text_color=&#8221;#FFFFFF&#8221; header_font_size=&#8221;20px&#8221; body_text_color=&#8221;#FFFFFF&#8221; subhead_font=&#8221;|700|||||||&#8221; subhead_text_color=&#8221;#FFFFFF&#8221; subhead_font_size=&#8221;14px&#8221; subhead_letter_spacing=&#8221;0px&#8221; background_color=&#8221;#3d4e46&#8243; background_enable_color=&#8221;on&#8221; custom_button=&#8221;on&#8221; button_text_size=&#8221;16px&#8221; button_text_color=&#8221;#3d4e46&#8243; button_bg_color=&#8221;#FFFFFF&#8221; button_border_color=&#8221;#FFFFFF&#8221; button_letter_spacing=&#8221;4px&#8221; button_font=&#8221;|600|||||||&#8221; button_icon_color=&#8221;#000000&#8243; button_alignment=&#8221;center&#8221; button_custom_padding=&#8221;10px||10px||true|false&#8221; hover_enabled=&#8221;0&#8243; global_colors_info=&#8221;{}&#8221; button_text_color__hover=&#8221;#3d4e46&#8243; button_text_color__hover_enabled=&#8221;on|hover&#8221; button_bg_color__hover_enabled=&#8221;on|hover&#8221; button_border_color__hover=&#8221;#FFFFFF&#8221; button_border_color__hover_enabled=&#8221;on|hover&#8221; button_icon_color__hover=&#8221;#000000&#8243; button_icon_color__hover_enabled=&#8221;on|desktop&#8221; button_bg_color__hover=&#8221;#FFFFFF&#8221; parent_button=&#8221;off&#8221; parent_header_level=&#8221;h4&#8243; sticky_enabled=&#8221;0&#8243;]<\/p>\n<p>This apartment for sale in Mayfair, situated between Hyde Park and Harrods, offers the perfect combination of luxury and comfort. Equipped with 3 bedrooms, 3 bathrooms, a dining room, and a study, this apartment is an ideal space for an exclusive lifestyle.<\/p>\n<p>[\/dsm_card_carousel_child][dsm_card_carousel_child title=&#8221;L\u00fcks Apartman \u00a317,000,000&#8243; subtitle=&#8221;Belgavia| London&#8221; image=&#8221;https:\/\/mayfairev.com\/wp-content\/uploads\/2024\/01\/Belgravia-StreetSign.jpg&#8221; image_as_background=&#8221;off&#8221; image_popup=&#8221;on&#8221; image_popup_src=&#8221;https:\/\/mayfairev.com\/wp-content\/uploads\/2024\/01\/Belgravia-StreetSign.jpg&#8221; button_text=&#8221;B\u0130ZE ULA\u015eIN&#8221; button_url=&#8221;https:\/\/mayfairev.com\/contact\/&#8221; button_url_new_window=&#8221;on&#8221; _builder_version=&#8221;4.23.1&#8243; _module_preset=&#8221;default&#8221; badge_text_color=&#8221;#000000&#8243; badge_font_size=&#8221;13px&#8221; badge_letter_spacing=&#8221;1px&#8221; badge_line_height=&#8221;1.4em&#8221; header_level=&#8221;h4&#8243; header_font=&#8221;|700|||||||&#8221; header_text_color=&#8221;#FFFFFF&#8221; header_font_size=&#8221;20px&#8221; body_text_color=&#8221;#FFFFFF&#8221; subhead_font=&#8221;|700|||||||&#8221; subhead_text_color=&#8221;#FFFFFF&#8221; subhead_font_size=&#8221;14px&#8221; subhead_letter_spacing=&#8221;0px&#8221; background_color=&#8221;#3d4e46&#8243; background_enable_color=&#8221;on&#8221; custom_button=&#8221;on&#8221; button_text_size=&#8221;16px&#8221; button_text_color=&#8221;#3d4e46&#8243; button_bg_color=&#8221;#FFFFFF&#8221; button_border_color=&#8221;#FFFFFF&#8221; button_letter_spacing=&#8221;4px&#8221; button_font=&#8221;|600|||||||&#8221; button_icon_color=&#8221;#000000&#8243; button_alignment=&#8221;center&#8221; button_custom_padding=&#8221;10px||10px||true|false&#8221; hover_enabled=&#8221;0&#8243; global_colors_info=&#8221;{}&#8221; button_text_color__hover=&#8221;#3d4e46&#8243; button_text_color__hover_enabled=&#8221;on|hover&#8221; button_bg_color__hover_enabled=&#8221;on|hover&#8221; button_border_color__hover=&#8221;#FFFFFF&#8221; button_border_color__hover_enabled=&#8221;on|hover&#8221; button_icon_color__hover=&#8221;#000000&#8243; button_icon_color__hover_enabled=&#8221;on|desktop&#8221; button_bg_color__hover=&#8221;#FFFFFF&#8221; parent_button=&#8221;off&#8221; parent_header_level=&#8221;h4&#8243; sticky_enabled=&#8221;0&#8243;]<\/p>\n<p>Let me give a brief description of this 3-storey, 5-bedroom apartment with parking, located in Belgravia, London. This residence offers comfortable living with its 5 spacious bedrooms. Designed with striking luxury details across three floors, the apartment includes a convenient parking space for residents. The central location in Belgravia highlights that this apartment is situated at the heart of city life, offering a comfortable lifestyle with modern amenities.<\/p>\n<p>[\/dsm_card_carousel_child][dsm_card_carousel_child title=&#8221;9 Apartman  \u00a32,700,000&#8243; subtitle=&#8221;Uxbridge | London&#8221; image=&#8221;https:\/\/mayfairev.com\/wp-content\/uploads\/2024\/01\/Uxbridge-StreetSign.jpg&#8221; image_as_background=&#8221;off&#8221; image_popup=&#8221;on&#8221; image_popup_src=&#8221;https:\/\/mayfairev.com\/wp-content\/uploads\/2024\/01\/Uxbridge-StreetSign.jpg&#8221; button_text=&#8221;B\u0130ZE ULA\u015eIN&#8221; button_url=&#8221;https:\/\/mayfairev.com\/contact\/&#8221; button_url_new_window=&#8221;on&#8221; _builder_version=&#8221;4.23.1&#8243; _module_preset=&#8221;default&#8221; badge_text_color=&#8221;#000000&#8243; badge_font_size=&#8221;13px&#8221; badge_letter_spacing=&#8221;1px&#8221; badge_line_height=&#8221;1.4em&#8221; header_level=&#8221;h4&#8243; header_font=&#8221;|700|||||||&#8221; header_text_color=&#8221;#FFFFFF&#8221; header_font_size=&#8221;20px&#8221; body_text_color=&#8221;#FFFFFF&#8221; subhead_font=&#8221;|700|||||||&#8221; subhead_text_color=&#8221;#FFFFFF&#8221; subhead_font_size=&#8221;14px&#8221; subhead_letter_spacing=&#8221;0px&#8221; background_color=&#8221;#3d4e46&#8243; background_enable_color=&#8221;on&#8221; custom_button=&#8221;on&#8221; button_text_size=&#8221;16px&#8221; button_text_color=&#8221;#3d4e46&#8243; button_bg_color=&#8221;#FFFFFF&#8221; button_border_color=&#8221;#FFFFFF&#8221; button_letter_spacing=&#8221;4px&#8221; button_font=&#8221;|600|||||||&#8221; button_icon_color=&#8221;#000000&#8243; button_alignment=&#8221;center&#8221; button_custom_padding=&#8221;10px||10px||true|false&#8221; hover_enabled=&#8221;0&#8243; global_colors_info=&#8221;{}&#8221; button_text_color__hover=&#8221;#3d4e46&#8243; button_text_color__hover_enabled=&#8221;on|hover&#8221; button_bg_color__hover_enabled=&#8221;on|hover&#8221; button_border_color__hover=&#8221;#FFFFFF&#8221; button_border_color__hover_enabled=&#8221;on|hover&#8221; button_icon_color__hover=&#8221;#000000&#8243; button_icon_color__hover_enabled=&#8221;on|desktop&#8221; button_bg_color__hover=&#8221;#FFFFFF&#8221; parent_button=&#8221;off&#8221; parent_header_level=&#8221;h4&#8243; sticky_enabled=&#8221;0&#8243;]<\/p>\n<p>This detached house in Uxbridge is legally permitted for use as 9 flats, with the top floor convertible into 2 additional flats, bringing the total to 10 flats.<\/p>\n<p>It currently generates an annual income of \u00a3123,000, which will increase to \u00a315,000 per month with the departure of two controlling tenants.<\/p>\n<p>This has the potential to be considered an investment opportunity.<\/p>\n<p>[\/dsm_card_carousel_child][\/dsm_card_carousel][\/et_pb_column][\/et_pb_row][\/et_pb_section]<\/p>","protected":false},"excerpt":{"rendered":"<p>\u0130lanlar\u00d6zel evinizde l\u00fcks ya\u015fam\u0131 deneyimleyin. \u015e\u0131kl\u0131k ve modern konforla ya\u015fam tarz\u0131n\u0131z\u0131 y\u00fckseltin.<div class=\"et_pb_module dsm_card_carousel dsm_card_carousel_0 dsm_card_carousel_layout_stacked  dsm_card_carousel_equal_height dsm_card_carousel_arrow_outside dsm_card_carousel_arrow_mobile_inside\">\n\t\t\t\t\n\t\t\t\t\n\t\t\t\t\n\t\t\t\t\n\t\t\t\t\n\t\t\t\t\n\t\t\t\t<div class=\"et_pb_module_inner\">\n\t\t\t\t\t\n\t\t\t\n\t\t\t<div class=\"swiper-container dsm_card_carousel_wrapper\" dir=\"ltr\" data-params=\"[{&quot;effect&quot;:&quot;default&quot;,&quot;slider_effect_shadows&quot;:false,&quot;slider_effect_coverflow_rotate&quot;:&quot;30&quot;,&quot;slider_effect_coverflow_depth&quot;:&quot;0&quot;,&quot;loop&quot;:true,&quot;slide_to_show&quot;:&quot;4&quot;,&quot;slide_to_show_tablet&quot;:&quot;1&quot;,&quot;slide_to_show_phone&quot;:&quot;1&quot;,&quot;slide_to_scroll&quot;:&quot;1&quot;,&quot;slide_to_scroll_tablet&quot;:&quot;1&quot;,&quot;slide_to_scroll_phone&quot;:&quot;1&quot;,&quot;space_between&quot;:&quot;15&quot;,&quot;space_between_tablet&quot;:&quot;15&quot;,&quot;space_between_phone&quot;:&quot;15&quot;,&quot;centered_slides&quot;:false,&quot;slide_row&quot;:&quot;1&quot;,&quot;speed&quot;:&quot;100&quot;,&quot;autoplay&quot;:false,&quot;autoplay_speed&quot;:&quot;3000&quot;,&quot;touch_move&quot;:true,&quot;grab&quot;:false,&quot;pause_on_hover&quot;:false,&quot;auto_height&quot;:false}]\">\n\t\t\t<div class=\"swiper-wrapper\"><\/div>\n\t\t\t<\/div><div class=\"swiper-button-prev dsm_card_carousel_arrow\" data-icon=\"4\"><\/div><div class=\"swiper-button-next dsm_card_carousel_arrow\" data-icon=\"5\"><\/div><div class=\"swiper-pagination dsm_card_carousel_pagination\"><\/div>\n\t\t\t\t<\/div>\n\t\t\t<\/div><div class=\"dsm_card_carousel_child dsm_card_carousel_child_0 swiper-slide\">\n\t\t\t\t\n\t\t\t\t\n\t\t\t\t\n\t\t\t\t\n\t\t\t\t\n\t\t\t\t\n\t\t\t\t<div class=\"et_pb_module_inner\">\n\t\t\t\t\t\n\t\t\t\n\t\t\t<figure class=\"dsm_card_carousel_child_image_wrapper dsm_card_carousel_child_badge_top_right\" data-mfp-src=\"\"><img decoding=\"async\" src=\"\" alt=\"\" class=\"et_multi_view_hidden_image dsm_card_carousel_child_img swiper-lazy dsm-card-image-lightbox dsm-card-lightbox-trigger\" \/><\/figure>\n\t\t\t<div class=\"dsm_card_wrapper et_pb_text_align_left et_pb_bg_layout_light\">\n\t\t\t\t\t<h4 class=\"dsm_card_title et_pb_module_header\">&#8221;Pub<\/h4>\n\t\t\t\t\t<div class=\"dsm_card_carousel_child_subtitle\">&#8221;Chapel<\/div>\n\t\t\t\t\t\n\t\t\t\t\t<div class=\"et_pb_button_wrapper\"><a class=\"et_pb_button et_pb_more_button\" href=\"\">&#8221;B\u0130ZE<\/a><\/div>\n\t\t\t\t<\/div>\n\t\t\t\t<\/div>\n\t\t\t<\/div><\/p>","protected":false},"author":1,"featured_media":0,"parent":0,"menu_order":0,"comment_status":"closed","ping_status":"closed","template":"","meta":{"_et_pb_use_builder":"on","_et_pb_old_content":"","_et_gb_content_width":"","footnotes":""},"class_list":["post-274","page","type-page","status-publish","hentry"],"_links":{"self":[{"href":"https:\/\/mayfairev.com\/en\/wp-json\/wp\/v2\/pages\/274","targetHints":{"allow":["GET"]}}],"collection":[{"href":"https:\/\/mayfairev.com\/en\/wp-json\/wp\/v2\/pages"}],"about":[{"href":"https:\/\/mayfairev.com\/en\/wp-json\/wp\/v2\/types\/page"}],"author":[{"embeddable":true,"href":"https:\/\/mayfairev.com\/en\/wp-json\/wp\/v2\/users\/1"}],"replies":[{"embeddable":true,"href":"https:\/\/mayfairev.com\/en\/wp-json\/wp\/v2\/comments?post=274"}],"version-history":[{"count":5,"href":"https:\/\/mayfairev.com\/en\/wp-json\/wp\/v2\/pages\/274\/revisions"}],"predecessor-version":[{"id":487,"href":"https:\/\/mayfairev.com\/en\/wp-json\/wp\/v2\/pages\/274\/revisions\/487"}],"wp:attachment":[{"href":"https:\/\/mayfairev.com\/en\/wp-json\/wp\/v2\/media?parent=274"}],"curies":[{"name":"wp","href":"https:\/\/api.w.org\/{rel}","templated":true}]}}