{"id":38,"date":"2023-11-21T22:46:58","date_gmt":"2023-11-21T22:46:58","guid":{"rendered":"http:\/\/s916401478.websitehome.co.uk\/mayfairev\/?page_id=38"},"modified":"2024-10-25T19:29:22","modified_gmt":"2024-10-25T18:29:22","slug":"services","status":"publish","type":"page","link":"https:\/\/mayfairev.com\/en\/services\/","title":{"rendered":"Services"},"content":{"rendered":"<p>[et_pb_section fb_built=&#8221;1&#8243; admin_label=&#8221;Header&#8221; _builder_version=&#8221;4.23.1&#8243; _module_preset=&#8221;default&#8221; background_color=&#8221;gcid-4dccef5c-a04c-4e7c-abbe-b1e880c58010&#8243; locked=&#8221;off&#8221; collapsed=&#8221;on&#8221; global_colors_info=&#8221;{%22gcid-4dccef5c-a04c-4e7c-abbe-b1e880c58010%22:%91%22background_color%22%93}&#8221;][et_pb_row _builder_version=&#8221;4.23.1&#8243; _module_preset=&#8221;default&#8221; width=&#8221;100%&#8221; max_width=&#8221;912px&#8221; global_colors_info=&#8221;{}&#8221;][et_pb_column type=&#8221;4_4&#8243; _builder_version=&#8221;4.19.5&#8243; _module_preset=&#8221;default&#8221; global_colors_info=&#8221;{}&#8221;][et_pb_text _builder_version=&#8221;4.23.1&#8243; _module_preset=&#8221;ea20d61d-4bb3-44d6-933f-598ea5b54003&#8243; header_text_color=&#8221;gcid-f743be1f-46bf-4685-bc55-7e8b347eb98d&#8221; text_orientation=&#8221;center&#8221; custom_margin=&#8221;||10px||false|false&#8221; global_colors_info=&#8221;{%22gcid-f743be1f-46bf-4685-bc55-7e8b347eb98d%22:%91%22header_text_color%22%93}&#8221;]<\/p>\n<h1>Our Services<\/h1>\n<p>[\/et_pb_text][et_pb_text _builder_version=&#8221;4.23.1&#8243; _module_preset=&#8221;2dbcf576-8116-49b0-b0af-2fd331213fe9&#8243; text_text_color=&#8221;#f4eddf&#8221; text_font_size=&#8221;20px&#8221; text_orientation=&#8221;center&#8221; custom_padding=&#8221;|2px||||&#8221; global_colors_info=&#8221;{}&#8221;]<\/p>\n<p>A leading bespoke real estate agency in London, offering unparalleled, tailored services.<\/p>\n<p>[\/et_pb_text][\/et_pb_column][\/et_pb_row][\/et_pb_section][et_pb_section fb_built=&#8221;1&#8243; admin_label=&#8221;Header&#8221; _builder_version=&#8221;4.23.1&#8243; _module_preset=&#8221;default&#8221; background_color=&#8221;gcid-9464c34f-f9ff-43eb-9668-c958662e33fc&#8221; collapsed=&#8221;on&#8221; global_colors_info=&#8221;{%22gcid-9464c34f-f9ff-43eb-9668-c958662e33fc%22:%91%22background_color%22%93}&#8221;][et_pb_row _builder_version=&#8221;4.19.5&#8243; _module_preset=&#8221;default&#8221; max_width=&#8221;700px&#8221; global_colors_info=&#8221;{}&#8221;][et_pb_column type=&#8221;4_4&#8243; _builder_version=&#8221;4.19.5&#8243; _module_preset=&#8221;default&#8221; global_colors_info=&#8221;{}&#8221;][et_pb_text _builder_version=&#8221;4.23.1&#8243; _module_preset=&#8221;1ba5b3dd-a803-4e9d-a794-7ad70d848a96&#8243; header_font=&#8221;Prata|700|||||||&#8221; header_text_color=&#8221;gcid-4dccef5c-a04c-4e7c-abbe-b1e880c58010&#8243; text_orientation=&#8221;center&#8221; custom_margin=&#8221;||10px||false|false&#8221; global_colors_info=&#8221;{%22gcid-4dccef5c-a04c-4e7c-abbe-b1e880c58010%22:%91%22header_text_color%22%93}&#8221;]<\/p>\n<h1>What we do<\/h1>\n<p>[\/et_pb_text][\/et_pb_column][\/et_pb_row][et_pb_row column_structure=&#8221;1_3,1_3,1_3&#8243; make_equal=&#8221;on&#8221; custom_padding_last_edited=&#8221;on|tablet&#8221; _builder_version=&#8221;4.23.1&#8243; _module_preset=&#8221;default&#8221; custom_padding_tablet=&#8221;||0px||false|false&#8221; custom_padding_phone=&#8221;||0px||false|false&#8221; border_color_all=&#8221;#e5c997&#8243; global_colors_info=&#8221;{}&#8221;][et_pb_column type=&#8221;1_3&#8243; _builder_version=&#8221;4.23.1&#8243; _module_preset=&#8221;default&#8221; background_color=&#8221;gcid-9464c34f-f9ff-43eb-9668-c958662e33fc&#8221; custom_padding=&#8221;30px|30px|30px|30px|true|true&#8221; custom_padding_tablet=&#8221;30px|30px|30px|30px|true|true&#8221; custom_padding_phone=&#8221;20px|20px|20px|20px|true|true&#8221; custom_padding_last_edited=&#8221;on|phone&#8221; border_radii=&#8221;on|10px|10px|10px|10px&#8221; border_width_all=&#8221;1px&#8221; border_color_all=&#8221;gcid-0b738e94-8a5e-4e5c-8969-81d151b757fa&#8221; global_colors_info=&#8221;{%22gcid-0b738e94-8a5e-4e5c-8969-81d151b757fa%22:%91%22border_color_all%22%93,%22gcid-9464c34f-f9ff-43eb-9668-c958662e33fc%22:%91%22background_color%22%93}&#8221;][et_pb_icon font_icon=&#8221;&#xf015;||fa||900&#8243; icon_color=&#8221;gcid-4dccef5c-a04c-4e7c-abbe-b1e880c58010&#8243; icon_width=&#8221;60px&#8221; _builder_version=&#8221;4.23.1&#8243; _module_preset=&#8221;default&#8221; global_colors_info=&#8221;{%22gcid-4dccef5c-a04c-4e7c-abbe-b1e880c58010%22:%91%22icon_color%22%93}&#8221;][\/et_pb_icon][et_pb_text _builder_version=&#8221;4.23.1&#8243; _module_preset=&#8221;75fcab53-8ba3-418e-b980-547447c45809&#8243; header_4_text_color=&#8221;gcid-4dccef5c-a04c-4e7c-abbe-b1e880c58010&#8243; custom_margin=&#8221;||10px||false|false&#8221; global_colors_info=&#8221;{%22gcid-4dccef5c-a04c-4e7c-abbe-b1e880c58010%22:%91%22header_4_text_color%22%93}&#8221;]<\/p>\n<h4 style=\"text-align: center;\">Property Acquisition<\/h4>\n<p>[\/et_pb_text][et_pb_text _builder_version=&#8221;4.23.1&#8243; _module_preset=&#8221;c342b353-1743-407f-9df2-ad1194fd2038&#8243; hover_enabled=&#8221;0&#8243; global_colors_info=&#8221;{}&#8221; sticky_enabled=&#8221;0&#8243;]<\/p>\n<p>If you are looking for an investment property, residence, land, shop, or a unique development opportunity, we are here to guide you and help ensure a profitable purchase.<\/p>\n<p>[\/et_pb_text][\/et_pb_column][et_pb_column type=&#8221;1_3&#8243; _builder_version=&#8221;4.19.5&#8243; _module_preset=&#8221;default&#8221; background_color=&#8221;gcid-9464c34f-f9ff-43eb-9668-c958662e33fc&#8221; custom_padding=&#8221;30px|30px|30px|30px|true|true&#8221; custom_padding_tablet=&#8221;30px|30px|30px|30px|true|true&#8221; custom_padding_phone=&#8221;20px|20px|20px|20px|true|true&#8221; custom_padding_last_edited=&#8221;on|phone&#8221; border_radii=&#8221;on|10px|10px|10px|10px&#8221; border_width_all=&#8221;1px&#8221; border_color_all=&#8221;gcid-0b738e94-8a5e-4e5c-8969-81d151b757fa&#8221; global_colors_info=&#8221;{%22gcid-0b738e94-8a5e-4e5c-8969-81d151b757fa%22:%91%22border_color_all%22%93,%22gcid-9464c34f-f9ff-43eb-9668-c958662e33fc%22:%91%22background_color%22%93}&#8221;][et_pb_icon font_icon=&#8221;&#xf508;||fa||900&#8243; icon_color=&#8221;gcid-4dccef5c-a04c-4e7c-abbe-b1e880c58010&#8243; icon_width=&#8221;60px&#8221; _builder_version=&#8221;4.23.1&#8243; _module_preset=&#8221;default&#8221; locked=&#8221;off&#8221; global_colors_info=&#8221;{%22gcid-4dccef5c-a04c-4e7c-abbe-b1e880c58010%22:%91%22icon_color%22%93}&#8221;][\/et_pb_icon][et_pb_text _builder_version=&#8221;4.23.1&#8243; _module_preset=&#8221;75fcab53-8ba3-418e-b980-547447c45809&#8243; header_4_text_color=&#8221;gcid-4dccef5c-a04c-4e7c-abbe-b1e880c58010&#8243; custom_margin=&#8221;||10px||false|false&#8221; global_colors_info=&#8221;{%22gcid-4dccef5c-a04c-4e7c-abbe-b1e880c58010%22:%91%22header_4_text_color%22%93}&#8221;]<\/p>\n<h4 style=\"text-align: center;\">Investment Advisory<\/h4>\n<p>[\/et_pb_text][et_pb_text _builder_version=&#8221;4.23.1&#8243; _module_preset=&#8221;c342b353-1743-407f-9df2-ad1194fd2038&#8243; hover_enabled=&#8221;0&#8243; global_colors_info=&#8221;{}&#8221; sticky_enabled=&#8221;0&#8243;]<\/p>\n<p>Our expert advisors provide strategic investment insights, helping our clients make informed decisions aligned with their financial goals.<\/p>\n<p>[\/et_pb_text][\/et_pb_column][et_pb_column type=&#8221;1_3&#8243; _builder_version=&#8221;4.19.5&#8243; _module_preset=&#8221;default&#8221; background_color=&#8221;gcid-9464c34f-f9ff-43eb-9668-c958662e33fc&#8221; custom_padding=&#8221;30px|30px|30px|30px|true|true&#8221; custom_padding_tablet=&#8221;30px|30px|30px|30px|true|true&#8221; custom_padding_phone=&#8221;20px|20px|20px|20px|true|true&#8221; custom_padding_last_edited=&#8221;on|phone&#8221; border_radii=&#8221;on|10px|10px|10px|10px&#8221; border_width_all=&#8221;1px&#8221; border_color_all=&#8221;gcid-0b738e94-8a5e-4e5c-8969-81d151b757fa&#8221; global_colors_info=&#8221;{%22gcid-0b738e94-8a5e-4e5c-8969-81d151b757fa%22:%91%22border_color_all%22%93,%22gcid-9464c34f-f9ff-43eb-9668-c958662e33fc%22:%91%22background_color%22%93}&#8221;][et_pb_icon font_icon=&#8221;&#x6c;||divi||400&#8243; icon_color=&#8221;gcid-4dccef5c-a04c-4e7c-abbe-b1e880c58010&#8243; icon_width=&#8221;60px&#8221; _builder_version=&#8221;4.23.1&#8243; _module_preset=&#8221;default&#8221; locked=&#8221;off&#8221; global_colors_info=&#8221;{%22gcid-4dccef5c-a04c-4e7c-abbe-b1e880c58010%22:%91%22icon_color%22%93}&#8221;][\/et_pb_icon][et_pb_text _builder_version=&#8221;4.23.1&#8243; _module_preset=&#8221;75fcab53-8ba3-418e-b980-547447c45809&#8243; header_4_text_color=&#8221;gcid-4dccef5c-a04c-4e7c-abbe-b1e880c58010&#8243; custom_margin=&#8221;||10px||false|false&#8221; global_colors_info=&#8221;{%22gcid-4dccef5c-a04c-4e7c-abbe-b1e880c58010%22:%91%22header_4_text_color%22%93}&#8221;]<\/p>\n<h4 style=\"text-align: center;\">Tailored Marketing Solutions<\/h4>\n<p>[\/et_pb_text][et_pb_text _builder_version=&#8221;4.23.1&#8243; _module_preset=&#8221;c342b353-1743-407f-9df2-ad1194fd2038&#8243; hover_enabled=&#8221;0&#8243; global_colors_info=&#8221;{}&#8221; sticky_enabled=&#8221;0&#8243;]<\/p>\n<p>For those looking to sell their property, we offer customised marketing strategies to showcase your property to the right audience and maximise its potential.<\/p>\n<p>[\/et_pb_text][\/et_pb_column][\/et_pb_row][\/et_pb_section][et_pb_section fb_built=&#8221;1&#8243; custom_padding_last_edited=&#8221;on|phone&#8221; admin_label=&#8221;Call to Action&#8221; _builder_version=&#8221;4.23.1&#8243; _module_preset=&#8221;default&#8221; background_color=&#8221;gcid-4dccef5c-a04c-4e7c-abbe-b1e880c58010&#8243; background_image=&#8221;https:\/\/mayfairev.com\/wp-content\/uploads\/2023\/12\/giammarco-boscaro-q140lHKzXZY-unsplash-scaled.jpg&#8221; parallax=&#8221;on&#8221; background_blend=&#8221;darken&#8221; custom_padding=&#8221;10vw||10vw||true|false&#8221; custom_padding_tablet=&#8221;10vw||10vw||true|false&#8221; custom_padding_phone=&#8221;20vw||20vw||true|false&#8221; saved_tabs=&#8221;all&#8221; collapsed=&#8221;on&#8221; global_colors_info=&#8221;{%22gcid-4dccef5c-a04c-4e7c-abbe-b1e880c58010%22:%91%22background_color%22%93}&#8221; width__hover_enabled=&#8221;on|desktop&#8221;][\/et_pb_section]<\/p>","protected":false},"excerpt":{"rendered":"<p>HizmetlerimizLondra&#8217;n\u0131n \u00f6nde gelen emlak ajanslar\u0131ndan biri olarak, benzersiz ki\u015fiye hizmetler sunuyoruz.Ne Yap\u0131yoruzGayrimenkul EdinimiBir yat\u0131r\u0131m m\u00fclkiyeti, konut, arsa, d\u00fckkan veya \u00f6zel bir geli\u015ftirme f\u0131rsat\u0131 ar\u0131yorsan\u0131z, size rehberlik ederek al\u0131mda kazan\u00e7 sa\u011flaman\u0131z i\u00e7in buraday\u0131z.Yat\u0131r\u0131m Dan\u0131\u015fmanl\u0131\u011f\u0131Uzman dan\u0131\u015fmanlar\u0131m\u0131z, stratejik yat\u0131r\u0131m g\u00f6r\u00fc\u015fleri sa\u011flayarak m\u00fc\u015fterilerimizin finansal hedeflerine uygun bilin\u00e7li kararlar vermelerine yard\u0131mc\u0131 oluyor.Ki\u015fiye \u00d6zel Pazarlama \u00c7\u00f6z\u00fcmleriM\u00fclklerini satmak isteyenler i\u00e7in, m\u00fclk\u00fcn\u00fcz\u00fc do\u011fru [&hellip;]<\/p>","protected":false},"author":1,"featured_media":0,"parent":0,"menu_order":0,"comment_status":"closed","ping_status":"closed","template":"","meta":{"_et_pb_use_builder":"on","_et_pb_old_content":"","_et_gb_content_width":"","footnotes":""},"class_list":["post-38","page","type-page","status-publish","hentry"],"_links":{"self":[{"href":"https:\/\/mayfairev.com\/en\/wp-json\/wp\/v2\/pages\/38","targetHints":{"allow":["GET"]}}],"collection":[{"href":"https:\/\/mayfairev.com\/en\/wp-json\/wp\/v2\/pages"}],"about":[{"href":"https:\/\/mayfairev.com\/en\/wp-json\/wp\/v2\/types\/page"}],"author":[{"embeddable":true,"href":"https:\/\/mayfairev.com\/en\/wp-json\/wp\/v2\/users\/1"}],"replies":[{"embeddable":true,"href":"https:\/\/mayfairev.com\/en\/wp-json\/wp\/v2\/comments?post=38"}],"version-history":[{"count":5,"href":"https:\/\/mayfairev.com\/en\/wp-json\/wp\/v2\/pages\/38\/revisions"}],"predecessor-version":[{"id":485,"href":"https:\/\/mayfairev.com\/en\/wp-json\/wp\/v2\/pages\/38\/revisions\/485"}],"wp:attachment":[{"href":"https:\/\/mayfairev.com\/en\/wp-json\/wp\/v2\/media?parent=38"}],"curies":[{"name":"wp","href":"https:\/\/api.w.org\/{rel}","templated":true}]}}