{"id":5,"date":"2023-11-20T23:46:16","date_gmt":"2023-11-20T23:46:16","guid":{"rendered":"http:\/\/s916401478.websitehome.co.uk\/mayfairev\/?page_id=5"},"modified":"2024-10-25T19:18:58","modified_gmt":"2024-10-25T18:18:58","slug":"test","status":"publish","type":"page","link":"https:\/\/mayfairev.com\/en\/","title":{"rendered":"Home"},"content":{"rendered":"<p>[et_pb_section fb_built=&#8221;1&#8243; fullwidth=&#8221;on&#8221; custom_padding_last_edited=&#8221;on|tablet&#8221; _builder_version=&#8221;4.23.1&#8243; _module_preset=&#8221;default&#8221; background_enable_color=&#8221;off&#8221; background_video_mp4=&#8221;https:\/\/player.vimeo.com\/progressive_redirect\/playback\/892297022\/rendition\/1440p\/file.mp4?loc=external&#038;log_user=0&#038;signature=4f60ef71ddecacbfdfd9ecc5e854784a484d56c5e89961b65ec9fbec637d598a&#8221; background_enable_video_webm=&#8221;off&#8221; custom_padding=&#8221;96px||749px|||&#8221; custom_padding_tablet=&#8221;||644px||false|false&#8221; custom_padding_phone=&#8221;||602px||false|false&#8221; global_colors_info=&#8221;{}&#8221;][\/et_pb_section][et_pb_section fb_built=&#8221;1&#8243; admin_label=&#8221;Header&#8221; _builder_version=&#8221;4.19.5&#8243; _module_preset=&#8221;default&#8221; background_color=&#8221;gcid-4dccef5c-a04c-4e7c-abbe-b1e880c58010&#8243; overflow-x=&#8221;hidden&#8221; overflow-y=&#8221;hidden&#8221; custom_padding=&#8221;0px|7px|0px||true|false&#8221; collapsed=&#8221;on&#8221; global_colors_info=&#8221;{%22gcid-4dccef5c-a04c-4e7c-abbe-b1e880c58010%22:%91%22background_color%22%93}&#8221;][et_pb_row column_structure=&#8221;1_2,1_2&#8243; _builder_version=&#8221;4.23.1&#8243; _module_preset=&#8221;default&#8221; custom_padding=&#8221;0px|||0px|false|false&#8221; global_colors_info=&#8221;{}&#8221;][et_pb_column type=&#8221;1_2&#8243; _builder_version=&#8221;4.23.1&#8243; _module_preset=&#8221;default&#8221; custom_padding=&#8221;12%||||false|false&#8221; custom_padding_tablet=&#8221;5%||5%||false|false&#8221; custom_padding_phone=&#8221;12%||||false|false&#8221; custom_padding_last_edited=&#8221;on|desktop&#8221; global_colors_info=&#8221;{}&#8221;][et_pb_text _builder_version=&#8221;4.23.1&#8243; _module_preset=&#8221;c539a98d-fa1e-4412-a958-21324a3ac4da&#8221; header_font=&#8221;Prata|700|||||||&#8221; header_text_color=&#8221;gcid-f743be1f-46bf-4685-bc55-7e8b347eb98d&#8221; custom_margin=&#8221;||10px||false|false&#8221; global_colors_info=&#8221;{%22gcid-f743be1f-46bf-4685-bc55-7e8b347eb98d%22:%91%22header_text_color%22%93}&#8221;]<\/p>\n<h1>MayfairEv<\/h1>\n<p>[\/et_pb_text][et_pb_text _builder_version=&#8221;4.23.1&#8243; _module_preset=&#8221;7490bd17-b91f-422d-9e52-cde948b5faf4&#8243; text_text_color=&#8221;#FFFFFF&#8221; text_font_size=&#8221;20px&#8221; custom_padding=&#8221;|||3px||&#8221; hover_enabled=&#8221;0&#8243; global_colors_info=&#8221;{}&#8221; sticky_enabled=&#8221;0&#8243;]<\/p>\n<p>Welcome to MayfairEv; the company where the uniqueness of real estate meets personalised service. For investors from Turkey, MayfairEv offers unparalleled investment opportunities in the dynamic UK housing market, proudly curating an exclusive portfolio of exceptional properties that go beyond the ordinary. At MayfairEv, we meet the unique needs of our valued clients from all around the world.<\/p>\n<p>[\/et_pb_text][\/et_pb_column][et_pb_column type=&#8221;1_2&#8243; _builder_version=&#8221;4.19.5&#8243; _module_preset=&#8221;default&#8221; global_colors_info=&#8221;{}&#8221;][et_pb_image src=&#8221;https:\/\/mayfairev.com\/wp-content\/uploads\/2023\/11\/London2.jpg&#8221; title_text=&#8221;London2&#8243; _builder_version=&#8221;4.23.1&#8243; _module_preset=&#8221;default&#8221; custom_margin=&#8221;|-10vw|0px||false|false&#8221; custom_margin_tablet=&#8221;||||false|false&#8221; custom_margin_last_edited=&#8221;off|tablet&#8221; filter_brightness=&#8221;70%&#8221; filter_contrast=&#8221;150%&#8221; border_radii=&#8221;off|||20px|100px&#8221; global_colors_info=&#8221;{}&#8221;][\/et_pb_image][et_pb_image src=&#8221;https:\/\/mayfairev.com\/wp-content\/uploads\/2023\/11\/health-clinic-4.png&#8221; title_text=&#8221;health-clinic-4&#8243; _builder_version=&#8221;4.19.5&#8243; _module_preset=&#8221;default&#8221; positioning=&#8221;absolute&#8221; position_origin_a=&#8221;bottom_right&#8221; width=&#8221;60%&#8221; custom_margin=&#8221;|-10vw|||false|false&#8221; custom_margin_tablet=&#8221;||||false|false&#8221; custom_margin_last_edited=&#8221;off|tablet&#8221; global_colors_info=&#8221;{}&#8221;][\/et_pb_image][\/et_pb_column][\/et_pb_row][et_pb_row column_structure=&#8221;1_2,1_2&#8243; _builder_version=&#8221;4.23.1&#8243; _module_preset=&#8221;default&#8221; max_width=&#8221;1182px&#8221; custom_padding=&#8221;0px||0px||true|false&#8221; global_colors_info=&#8221;{}&#8221;][et_pb_column type=&#8221;1_2&#8243; _builder_version=&#8221;4.19.5&#8243; _module_preset=&#8221;default&#8221; global_colors_info=&#8221;{}&#8221;][et_pb_image src=&#8221;https:\/\/mayfairev.com\/wp-content\/uploads\/2023\/11\/SketchOfHouse2.png&#8221; title_text=&#8221;SketchOfHouse2&#8243; disabled_on=&#8221;on|on|off&#8221; _builder_version=&#8221;4.23.1&#8243; _module_preset=&#8221;default&#8221; custom_margin=&#8221;||-4vw|-20vw|false|false&#8221; custom_margin_tablet=&#8221;||-13vw|0vw|false|false&#8221; custom_margin_phone=&#8221;||0vw|0vw|false|false&#8221; custom_margin_last_edited=&#8221;on|tablet&#8221; scroll_horizontal_motion_enable=&#8221;on&#8221; scroll_horizontal_motion=&#8221;0|0|0|100|0|0|-1&#8243; global_colors_info=&#8221;{}&#8221;][\/et_pb_image][\/et_pb_column][et_pb_column type=&#8221;1_2&#8243; _builder_version=&#8221;4.19.5&#8243; _module_preset=&#8221;default&#8221; custom_padding=&#8221;8vw||60px||false|false&#8221; global_colors_info=&#8221;{}&#8221;][et_pb_text _builder_version=&#8221;4.23.1&#8243; _module_preset=&#8221;5b70e6b8-ee6e-4de4-9ea4-b251352443d3&#8243; header_font_size=&#8221;29px&#8221; header_2_text_color=&#8221;gcid-f743be1f-46bf-4685-bc55-7e8b347eb98d&#8221; custom_margin=&#8221;-135px||10px||false|false&#8221; custom_margin_tablet=&#8221;-80px||0px||false|false&#8221; custom_margin_phone=&#8221;-30px||0px||false|false&#8221; custom_margin_last_edited=&#8221;on|tablet&#8221; custom_padding=&#8221;5%|32px|||false|false&#8221; custom_padding_tablet=&#8221;0px||0px||false|false&#8221; custom_padding_phone=&#8221;0px||0px||false|false&#8221; custom_padding_last_edited=&#8221;on|tablet&#8221; global_colors_info=&#8221;{%22gcid-f743be1f-46bf-4685-bc55-7e8b347eb98d%22:%91%22header_2_text_color%22%93}&#8221;]<\/p>\n<h2 class=\"translation-block\">About MayfairEv<\/h2>\n<p>[\/et_pb_text][et_pb_text _builder_version=&#8221;4.23.1&#8243; _module_preset=&#8221;7490bd17-b91f-422d-9e52-cde948b5faf4&#8243; text_text_color=&#8221;#FFFFFF&#8221; text_font_size=&#8221;20px&#8221; hover_enabled=&#8221;0&#8243; text_font_size_tablet=&#8221;14px&#8221; text_font_size_phone=&#8221;&#8221; text_font_size_last_edited=&#8221;on|tablet&#8221; global_colors_info=&#8221;{}&#8221; sticky_enabled=&#8221;0&#8243;]<\/p>\n<p>With over 20 years of expertise in the UK property market, MayfairEv stands at the forefront among esteemed real estate companies. Our firm seamlessly combines a rich heritage with a forward-looking approach in all our services. Throughout our successful journey spanning over two decades, our primary mission has been to assist property investors from all corners of the world.<\/p>\n<p>[\/et_pb_text][et_pb_button button_url=&#8221;https:\/\/mayfairev.com\/about-us\/&#8221; button_text=&#8221;Bilgi Edinin&#8221; _builder_version=&#8221;4.23.1&#8243; _module_preset=&#8221;4d511e12-128f-49a5-9230-3b0ad734b6c1&#8243; custom_padding_tablet=&#8221;&#8221; custom_padding_phone=&#8221;15px|35px|15px|35px|true|true&#8221; custom_padding_last_edited=&#8221;on|phone&#8221; button_text_size_tablet=&#8221;&#8221; button_text_size_phone=&#8221;14px&#8221; button_text_size_last_edited=&#8221;on|phone&#8221; global_colors_info=&#8221;{}&#8221;][\/et_pb_button][et_pb_image src=&#8221;https:\/\/mayfairev.com\/wp-content\/uploads\/2023\/11\/SketchOfHouse2.png&#8221; title_text=&#8221;SketchOfHouse2&#8243; disabled_on=&#8221;off|off|on&#8221; _builder_version=&#8221;4.23.1&#8243; _module_preset=&#8221;default&#8221; custom_margin=&#8221;||-4vw|-20vw|false|false&#8221; custom_margin_tablet=&#8221;-30px||-13vw|0vw|false|false&#8221; custom_margin_phone=&#8221;||-13vw|0vw|false|false&#8221; custom_margin_last_edited=&#8221;on|tablet&#8221; custom_padding=&#8221;||||false|false&#8221; scroll_horizontal_motion_enable=&#8221;on&#8221; scroll_horizontal_motion=&#8221;0|0|0|100|0|0|-1&#8243; global_colors_info=&#8221;{}&#8221;][\/et_pb_image][\/et_pb_column][\/et_pb_row][\/et_pb_section][et_pb_section fb_built=&#8221;1&#8243; admin_label=&#8221;Services&#8221; _builder_version=&#8221;4.19.5&#8243; _module_preset=&#8221;default&#8221; background_color=&#8221;gcid-9464c34f-f9ff-43eb-9668-c958662e33fc&#8221; saved_tabs=&#8221;all&#8221; collapsed=&#8221;on&#8221; global_colors_info=&#8221;{%22gcid-9464c34f-f9ff-43eb-9668-c958662e33fc%22:%91%22background_color%22%93}&#8221;][et_pb_row custom_padding_last_edited=&#8221;on|tablet&#8221; _builder_version=&#8221;4.23.1&#8243; _module_preset=&#8221;default&#8221; width=&#8221;100%&#8221; max_width=&#8221;1021px&#8221; custom_margin_tablet=&#8221;&#8221; custom_margin_phone=&#8221;0px||||false|false&#8221; custom_margin_last_edited=&#8221;on|phone&#8221; custom_padding_tablet=&#8221;0px||0px||false|false&#8221; custom_padding_phone=&#8221;0px||||false|false&#8221; global_colors_info=&#8221;{}&#8221;][et_pb_column type=&#8221;4_4&#8243; _builder_version=&#8221;4.19.5&#8243; _module_preset=&#8221;default&#8221; global_colors_info=&#8221;{}&#8221;][et_pb_text _builder_version=&#8221;4.23.1&#8243; _module_preset=&#8221;5b70e6b8-ee6e-4de4-9ea4-b251352443d3&#8243; text_orientation=&#8221;center&#8221; custom_margin=&#8221;||10px||false|false&#8221; global_colors_info=&#8221;{}&#8221;]<\/p>\n<h2><strong>Our Services<\/strong><\/h2>\n<p>[\/et_pb_text][et_pb_text _builder_version=&#8221;4.23.1&#8243; _module_preset=&#8221;7490bd17-b91f-422d-9e52-cde948b5faf4&#8243; text_font_size=&#8221;20px&#8221; text_orientation=&#8221;center&#8221; custom_margin_tablet=&#8221;|5%||5%|false|true&#8221; custom_margin_phone=&#8221;|5%||5%|false|true&#8221; custom_margin_last_edited=&#8221;on|tablet&#8221; hover_enabled=&#8221;0&#8243; global_colors_info=&#8221;{}&#8221; sticky_enabled=&#8221;0&#8243;]<\/p>\n<p>MayfairEv offers bespoke services tailored for companies and individuals investing in the UK property market from abroad. Our expert team combines comprehensive market knowledge with a personalised approach to deliver extensive services to international investors. From identifying the best investment opportunities to managing complex legal processes and providing strategic consultancy, we ensure a seamless and successful experience.<\/p>\n<p>Our commitment extends to personalised property tours, in-depth market analyses, and concierge-style assistance. Whether you are an experienced investor or not, MayfairEv will unlock the full potential of the UK property market, offering you a refined and sophisticated investment experience.<\/p>\n<p>[\/et_pb_text][\/et_pb_column][\/et_pb_row][et_pb_row custom_padding_last_edited=&#8221;on|phone&#8221; _builder_version=&#8221;4.23.1&#8243; _module_preset=&#8221;default&#8221; custom_padding_tablet=&#8221;&#8221; custom_padding_phone=&#8221;||0px||false|false&#8221; global_colors_info=&#8221;{}&#8221;][et_pb_column type=&#8221;4_4&#8243; _builder_version=&#8221;4.19.5&#8243; _module_preset=&#8221;default&#8221; global_colors_info=&#8221;{}&#8221;][et_pb_button button_url=&#8221;https:\/\/mayfairev.com\/services\/&#8221; button_text=&#8221;Bilgi Edinin&#8221; button_alignment=&#8221;center&#8221; _builder_version=&#8221;4.23.1&#8243; _module_preset=&#8221;758c416f-ed57-45c9-b98a-60110f83c86d&#8221; button_bg_color=&#8221;gcid-4dccef5c-a04c-4e7c-abbe-b1e880c58010&#8243; custom_padding_tablet=&#8221;&#8221; custom_padding_phone=&#8221;15px|35px|15px|35px|true|true&#8221; custom_padding_last_edited=&#8221;on|phone&#8221; button_text_size_tablet=&#8221;&#8221; button_text_size_phone=&#8221;14px&#8221; button_text_size_last_edited=&#8221;on|phone&#8221; global_colors_info=&#8221;{}&#8221;][\/et_pb_button][\/et_pb_column][\/et_pb_row][\/et_pb_section][et_pb_section fb_built=&#8221;1&#8243; admin_label=&#8221;Services&#8221; _builder_version=&#8221;4.23.1&#8243; _module_preset=&#8221;default&#8221; background_color=&#8221;#2E3F37&#8243; border_color_bottom=&#8221;gcid-0b738e94-8a5e-4e5c-8969-81d151b757fa&#8221; collapsed=&#8221;on&#8221; global_colors_info=&#8221;{%22gcid-0b738e94-8a5e-4e5c-8969-81d151b757fa%22:%91%22border_color_bottom%22%93}&#8221;][et_pb_row custom_padding_last_edited=&#8221;on|phone&#8221; _builder_version=&#8221;4.23.1&#8243; _module_preset=&#8221;default&#8221; custom_margin_tablet=&#8221;&#8221; custom_margin_phone=&#8221;&#8221; custom_margin_last_edited=&#8221;on|phone&#8221; custom_padding_tablet=&#8221;0px||||false|false&#8221; custom_padding_phone=&#8221;0px||||false|false&#8221; global_colors_info=&#8221;{}&#8221;][et_pb_column type=&#8221;4_4&#8243; _builder_version=&#8221;4.23.1&#8243; _module_preset=&#8221;default&#8221; global_colors_info=&#8221;{}&#8221;][et_pb_text _builder_version=&#8221;4.23.1&#8243; _module_preset=&#8221;5b70e6b8-ee6e-4de4-9ea4-b251352443d3&#8243; header_2_text_color=&#8221;gcid-0b738e94-8a5e-4e5c-8969-81d151b757fa&#8221; locked=&#8221;off&#8221; global_colors_info=&#8221;{%22gcid-0b738e94-8a5e-4e5c-8969-81d151b757fa%22:%91%22header_2_text_color%22%93}&#8221;]<\/p>\n<h2 style=\"text-align: center;\"><strong>Why Choose MayfairEv<\/strong><\/h2>\n<p>[\/et_pb_text][\/et_pb_column][\/et_pb_row][et_pb_row column_structure=&#8221;1_2,1_2&#8243; custom_padding_last_edited=&#8221;on|phone&#8221; _builder_version=&#8221;4.23.1&#8243; _module_preset=&#8221;default&#8221; max_width=&#8221;1090px&#8221; custom_padding_tablet=&#8221;||0px||false|false&#8221; custom_padding_phone=&#8221;||0px||false|false&#8221; global_colors_info=&#8221;{}&#8221;][et_pb_column type=&#8221;1_2&#8243; _builder_version=&#8221;4.19.5&#8243; _module_preset=&#8221;default&#8221; global_colors_info=&#8221;{}&#8221;][et_pb_text _builder_version=&#8221;4.23.1&#8243; _module_preset=&#8221;b6cb9a04-ed41-4c56-99dd-b14a75fa16fc&#8221; header_4_text_color=&#8221;#FFFFFF&#8221; header_4_font_size=&#8221;27px&#8221; custom_margin=&#8221;||0px||false|false&#8221; global_colors_info=&#8221;{}&#8221;]<\/p>\n<h4><strong>Seasoned Expertise<\/strong><\/h4>\n<p>[\/et_pb_text][et_pb_text _builder_version=&#8221;4.23.1&#8243; _module_preset=&#8221;7490bd17-b91f-422d-9e52-cde948b5faf4&#8243; text_text_color=&#8221;#FFFFFF&#8221; text_font_size=&#8221;20px&#8221; custom_margin=&#8221;||23px|||&#8221; hover_enabled=&#8221;0&#8243; global_colors_info=&#8221;{}&#8221; sticky_enabled=&#8221;0&#8243;]<\/p>\n<p>With over 20 years of proven experience in the UK property market, we offer an exceptional depth of insight and perspective. This enables our valued clients to receive guidance grounded in a history of success.<\/p>\n<p>[\/et_pb_text][et_pb_text _builder_version=&#8221;4.23.1&#8243; _module_preset=&#8221;b6cb9a04-ed41-4c56-99dd-b14a75fa16fc&#8221; header_4_text_color=&#8221;#FFFFFF&#8221; header_4_font_size=&#8221;27px&#8221; custom_margin=&#8221;||0px||false|false&#8221; global_colors_info=&#8221;{}&#8221;]<\/p>\n<h4><strong>Exclusive Property Portfolio<\/strong><\/h4>\n<p>[\/et_pb_text][et_pb_text _builder_version=&#8221;4.23.1&#8243; _module_preset=&#8221;7490bd17-b91f-422d-9e52-cde948b5faf4&#8243; text_text_color=&#8221;#FFFFFF&#8221; text_font_size=&#8221;20px&#8221; hover_enabled=&#8221;0&#8243; global_colors_info=&#8221;{}&#8221; sticky_enabled=&#8221;0&#8243;]<\/p>\n<p>MayfairEv curates a portfolio of exceptional properties tailored to meet the discerning tastes of valued individuals. Each property represents a unique blend of value and investment potential.<\/p>\n<p>[\/et_pb_text][\/et_pb_column][et_pb_column type=&#8221;1_2&#8243; _builder_version=&#8221;4.19.5&#8243; _module_preset=&#8221;default&#8221; global_colors_info=&#8221;{}&#8221;][et_pb_text _builder_version=&#8221;4.23.1&#8243; _module_preset=&#8221;b6cb9a04-ed41-4c56-99dd-b14a75fa16fc&#8221; header_4_text_color=&#8221;#FFFFFF&#8221; header_4_font_size=&#8221;27px&#8221; custom_margin=&#8221;-1px||0px||false|false&#8221; locked=&#8221;off&#8221; global_colors_info=&#8221;{}&#8221;]<\/p>\n<h4><strong>Tailored Investment Strategies<\/strong><\/h4>\n<p>[\/et_pb_text][et_pb_text _builder_version=&#8221;4.23.1&#8243; _module_preset=&#8221;7490bd17-b91f-422d-9e52-cde948b5faf4&#8243; text_text_color=&#8221;#FFFFFF&#8221; text_font_size=&#8221;20px&#8221; custom_margin=&#8221;||23px|||&#8221; hover_enabled=&#8221;0&#8243; locked=&#8221;off&#8221; global_colors_info=&#8221;{}&#8221; sticky_enabled=&#8221;0&#8243;]<\/p>\n<p>Our bespoke services go beyond traditional offerings, providing international investors with personalised, strategic investment plans seamlessly aligned with their financial goals and preferences.<\/p>\n<p>[\/et_pb_text][et_pb_text _builder_version=&#8221;4.23.1&#8243; _module_preset=&#8221;b6cb9a04-ed41-4c56-99dd-b14a75fa16fc&#8221; header_4_text_color=&#8221;#FFFFFF&#8221; header_4_font_size=&#8221;27px&#8221; custom_margin=&#8221;||0px||false|false&#8221; locked=&#8221;off&#8221; global_colors_info=&#8221;{}&#8221;]<\/p>\n<h4><strong>Comprehensive Concierge Support<\/strong><\/h4>\n<p>[\/et_pb_text][et_pb_text _builder_version=&#8221;4.23.1&#8243; _module_preset=&#8221;7490bd17-b91f-422d-9e52-cde948b5faf4&#8243; text_text_color=&#8221;#FFFFFF&#8221; text_font_size=&#8221;20px&#8221; hover_enabled=&#8221;0&#8243; locked=&#8221;off&#8221; global_colors_info=&#8221;{}&#8221; sticky_enabled=&#8221;0&#8243;]<\/p>\n<p>Beyond property transactions, our company takes a step further by offering concierge-style support services. From legal matters to property management, we enhance the overall investment journey by providing our clients with a seamless and assured experience.<\/p>\n<p>[\/et_pb_text][\/et_pb_column][\/et_pb_row][\/et_pb_section]<\/p>","protected":false},"excerpt":{"rendered":"<p>MayfairEvMayfairEv&#8217;e ho\u015f geldiniz; gayrimenkul\u00fcn \u00f6zg\u00fcnl\u00fc\u011f\u00fc ve \u00f6zel hizmetle bulu\u015ftu\u011fu \u015firket. T\u00fcrkiye&#8217;deki yat\u0131r\u0131mc\u0131lar i\u00e7in \u0130ngiltere\u2019nin dinamik konut piyasas\u0131nda benzersiz yat\u0131r\u0131m f\u0131rsatlar\u0131 sunan MayfairEv, s\u0131rad\u0131\u015f\u0131 olan\u0131n \u00f6tesine ge\u00e7en de\u011ferli m\u00fclklerin se\u00e7kin bir portf\u00f6y\u00fcn\u00fc olu\u015fturma konusunda gurur duyuyor. MayfairEv\u2019de, d\u00fcnyan\u0131n d\u00f6rt bir yan\u0131ndan gelen de\u011ferli m\u00fc\u015fterilerimizin benzersiz ihtiya\u00e7lar\u0131n\u0131 kar\u015f\u0131l\u0131yoruz.MayfairEv Hakk\u0131ndaMayfairEv, 20 y\u0131l\u0131 a\u015fk\u0131n s\u00fcredir \u0130ngiltere gayrimenkul piyasas\u0131nda s\u00fcregelen [&hellip;]<\/p>","protected":false},"author":1,"featured_media":0,"parent":0,"menu_order":0,"comment_status":"closed","ping_status":"closed","template":"","meta":{"_et_pb_use_builder":"on","_et_pb_old_content":"","_et_gb_content_width":"","footnotes":""},"class_list":["post-5","page","type-page","status-publish","hentry"],"_links":{"self":[{"href":"https:\/\/mayfairev.com\/en\/wp-json\/wp\/v2\/pages\/5","targetHints":{"allow":["GET"]}}],"collection":[{"href":"https:\/\/mayfairev.com\/en\/wp-json\/wp\/v2\/pages"}],"about":[{"href":"https:\/\/mayfairev.com\/en\/wp-json\/wp\/v2\/types\/page"}],"author":[{"embeddable":true,"href":"https:\/\/mayfairev.com\/en\/wp-json\/wp\/v2\/users\/1"}],"replies":[{"embeddable":true,"href":"https:\/\/mayfairev.com\/en\/wp-json\/wp\/v2\/comments?post=5"}],"version-history":[{"count":5,"href":"https:\/\/mayfairev.com\/en\/wp-json\/wp\/v2\/pages\/5\/revisions"}],"predecessor-version":[{"id":482,"href":"https:\/\/mayfairev.com\/en\/wp-json\/wp\/v2\/pages\/5\/revisions\/482"}],"wp:attachment":[{"href":"https:\/\/mayfairev.com\/en\/wp-json\/wp\/v2\/media?parent=5"}],"curies":[{"name":"wp","href":"https:\/\/api.w.org\/{rel}","templated":true}]}}